{"id":875,"date":"2021-10-03T12:07:00","date_gmt":"2021-10-03T12:07:00","guid":{"rendered":"https:\/\/www.silicondirect.net\/WP\/?page_id=875"},"modified":"2024-06-03T13:10:08","modified_gmt":"2024-06-03T13:10:08","slug":"impresszum","status":"publish","type":"page","link":"https:\/\/www.silicondirect.net\/WP\/impresszum\/","title":{"rendered":"Impresszum"},"content":{"rendered":"<div class=\"fusion-fullwidth fullwidth-box fusion-builder-row-1 fusion-flex-container nonhundred-percent-fullwidth non-hundred-percent-height-scrolling\" style=\"--awb-border-radius-top-left:0px;--awb-border-radius-top-right:0px;--awb-border-radius-bottom-right:0px;--awb-border-radius-bottom-left:0px;--awb-flex-wrap:wrap;\" ><div class=\"fusion-builder-row fusion-row fusion-flex-align-items-center fusion-flex-justify-content-center fusion-flex-content-wrap\" style=\"max-width:1248px;margin-left: calc(-4% \/ 2 );margin-right: calc(-4% \/ 2 );\"><div class=\"fusion-layout-column fusion_builder_column fusion-builder-column-0 fusion_builder_column_2_5 2_5 fusion-flex-column fusion-flex-align-self-center\" style=\"--awb-bg-size:cover;--awb-width-large:40%;--awb-margin-top-large:0px;--awb-spacing-right-large:4.8%;--awb-margin-bottom-large:20px;--awb-spacing-left-large:4.8%;--awb-width-medium:40%;--awb-order-medium:0;--awb-spacing-right-medium:4.8%;--awb-spacing-left-medium:4.8%;--awb-width-small:100%;--awb-order-small:0;--awb-spacing-right-small:1.92%;--awb-spacing-left-small:1.92%;\"><div class=\"fusion-column-wrapper fusion-column-has-shadow fusion-flex-justify-content-center fusion-content-layout-column\"><div class=\"fusion-image-element \" style=\"--awb-caption-title-font-family:var(--h2_typography-font-family);--awb-caption-title-font-weight:var(--h2_typography-font-weight);--awb-caption-title-font-style:var(--h2_typography-font-style);--awb-caption-title-size:var(--h2_typography-font-size);--awb-caption-title-transform:var(--h2_typography-text-transform);--awb-caption-title-line-height:var(--h2_typography-line-height);--awb-caption-title-letter-spacing:var(--h2_typography-letter-spacing);\"><span class=\" fusion-imageframe imageframe-none imageframe-1 hover-type-none\"><img decoding=\"async\" width=\"572\" height=\"415\" title=\"silicon-direct-impresszum-572x415pc\" src=\"https:\/\/www.silicondirect.net\/WP\/wp-content\/uploads\/2021\/10\/silicon-direct-impresszum-572x415pc.png\" data-orig-src=\"https:\/\/www.silicondirect.net\/WP\/wp-content\/uploads\/2021\/10\/silicon-direct-impresszum-572x415pc.png\" alt class=\"lazyload img-responsive wp-image-1298\" srcset=\"data:image\/svg+xml,%3Csvg%20xmlns%3D%27http%3A%2F%2Fwww.w3.org%2F2000%2Fsvg%27%20width%3D%27572%27%20height%3D%27415%27%20viewBox%3D%270%200%20572%20415%27%3E%3Crect%20width%3D%27572%27%20height%3D%27415%27%20fill-opacity%3D%220%22%2F%3E%3C%2Fsvg%3E\" data-srcset=\"https:\/\/www.silicondirect.net\/WP\/wp-content\/uploads\/2021\/10\/silicon-direct-impresszum-572x415pc-200x145.png 200w, https:\/\/www.silicondirect.net\/WP\/wp-content\/uploads\/2021\/10\/silicon-direct-impresszum-572x415pc-400x290.png 400w, https:\/\/www.silicondirect.net\/WP\/wp-content\/uploads\/2021\/10\/silicon-direct-impresszum-572x415pc.png 572w\" data-sizes=\"auto\" data-orig-sizes=\"(max-width: 640px) 100vw, 572px\" \/><\/span><\/div><\/div><\/div><div class=\"fusion-layout-column fusion_builder_column fusion-builder-column-1 fusion_builder_column_2_5 2_5 fusion-flex-column fusion-flex-align-self-center\" style=\"--awb-bg-size:cover;--awb-width-large:40%;--awb-margin-top-large:0px;--awb-spacing-right-large:4.8%;--awb-margin-bottom-large:20px;--awb-spacing-left-large:4.8%;--awb-width-medium:40%;--awb-order-medium:0;--awb-spacing-right-medium:4.8%;--awb-spacing-left-medium:4.8%;--awb-width-small:100%;--awb-order-small:0;--awb-spacing-right-small:1.92%;--awb-spacing-left-small:1.92%;\"><div class=\"fusion-column-wrapper fusion-column-has-shadow fusion-flex-justify-content-center fusion-content-layout-column\"><div class=\"fusion-text fusion-text-1\" style=\"--awb-text-transform:none;\"><p>C\u00e9gn\u00e9v: <strong>Silicon Direct Zrt.<\/strong><br \/>Sz\u00e9khely: <strong>1119 Budapest, Feh\u00e9rv\u00e1ri \u00fat 97-99. 3.em.<\/strong><br \/>Ad\u00f3sz\u00e1m: <strong>27050242-2-43<\/strong><br \/>C\u00e9gjegyz\u00e9ksz\u00e1m: <strong>01-10-142294<\/strong><br \/>E-mail: <a href=\"mailto:info@silicondirect.net\"><strong>info@silicondirect.net<\/strong><\/a><br \/>Telefonsz\u00e1m: <strong>+36 (1) 611 7700<\/strong><br \/>T\u00e1rhely szolg\u00e1ltat\u00f3 neve: <strong><b>Godaddy LLC<\/b><\/strong><br \/>T\u00e1rhely szolg\u00e1ltat\u00f3 c\u00edme: <strong><b>2155 E. GoDaddy Way Tempe, AZ 85284 USA<\/b><\/strong><br \/>T\u00e1rhely szolg\u00e1ltat\u00f3 telefonsz\u00e1ma: <strong><b>+1 (020) 7084 1810<\/b><\/strong><br \/>T\u00e1rhely szolg\u00e1ltat\u00f3 e-mail c\u00edme: <a href=\"mailto:HQ@godaddy.com\"><strong><b>HQ@godaddy.com<\/b><\/strong><\/a><br \/>Webdesign \u00e9s weboldal: <strong><a href=\"https:\/\/dizajnandstyle.hu\/\" target=\"_blank\" rel=\"noopener\">Dizajn &amp; Style &#8211; Creative Studio<\/a><\/strong><\/p>\n<\/div><\/div><\/div><\/div><\/div>\n","protected":false},"excerpt":{"rendered":"","protected":false},"author":1,"featured_media":0,"parent":0,"menu_order":0,"comment_status":"closed","ping_status":"closed","template":"","meta":{"footnotes":""},"class_list":["post-875","page","type-page","status-publish","hentry"],"_links":{"self":[{"href":"https:\/\/www.silicondirect.net\/WP\/wp-json\/wp\/v2\/pages\/875","targetHints":{"allow":["GET"]}}],"collection":[{"href":"https:\/\/www.silicondirect.net\/WP\/wp-json\/wp\/v2\/pages"}],"about":[{"href":"https:\/\/www.silicondirect.net\/WP\/wp-json\/wp\/v2\/types\/page"}],"author":[{"embeddable":true,"href":"https:\/\/www.silicondirect.net\/WP\/wp-json\/wp\/v2\/users\/1"}],"replies":[{"embeddable":true,"href":"https:\/\/www.silicondirect.net\/WP\/wp-json\/wp\/v2\/comments?post=875"}],"version-history":[{"count":7,"href":"https:\/\/www.silicondirect.net\/WP\/wp-json\/wp\/v2\/pages\/875\/revisions"}],"predecessor-version":[{"id":2445,"href":"https:\/\/www.silicondirect.net\/WP\/wp-json\/wp\/v2\/pages\/875\/revisions\/2445"}],"wp:attachment":[{"href":"https:\/\/www.silicondirect.net\/WP\/wp-json\/wp\/v2\/media?parent=875"}],"curies":[{"name":"wp","href":"https:\/\/api.w.org\/{rel}","templated":true}]}}